{"id":180,"date":"2025-10-15T09:19:18","date_gmt":"2025-10-15T12:19:18","guid":{"rendered":"https:\/\/mtladvogados.com.br\/?page_id=180"},"modified":"2025-10-23T10:21:51","modified_gmt":"2025-10-23T13:21:51","slug":"home-2","status":"publish","type":"page","link":"https:\/\/mtladvogados.com.br\/index.php\/home-2\/","title":{"rendered":"Em Manuten\u00e7\u00e3o"},"content":{"rendered":"\t\t<div data-elementor-type=\"wp-page\" data-elementor-id=\"180\" class=\"elementor elementor-180\" data-elementor-settings=\"{&quot;ha_cmc_init_switcher&quot;:&quot;no&quot;}\">\n\t\t\t\t<div class=\"elementor-element elementor-element-a6618f8 e-flex e-con-boxed wpr-particle-no wpr-jarallax-no wpr-parallax-no wpr-sticky-section-no e-con e-parent\" data-id=\"a6618f8\" data-element_type=\"container\" data-settings=\"{&quot;_ha_eqh_enable&quot;:false}\">\n\t\t\t\t\t<div class=\"e-con-inner\">\n\t\t<div class=\"elementor-element elementor-element-947a305 e-con-full e-flex wpr-particle-no wpr-jarallax-no wpr-parallax-no wpr-sticky-section-no e-con e-child\" data-id=\"947a305\" data-element_type=\"container\" data-settings=\"{&quot;_ha_eqh_enable&quot;:false}\">\n\t\t\t\t<\/div>\n\t\t<div class=\"elementor-element elementor-element-d528729 e-con-full e-flex wpr-particle-no wpr-jarallax-no wpr-parallax-no wpr-sticky-section-no e-con e-child\" data-id=\"d528729\" data-element_type=\"container\" data-settings=\"{&quot;_ha_eqh_enable&quot;:false}\">\n\t\t\t\t<div class=\"elementor-element elementor-element-44e6b7b elementor-widget elementor-widget-image\" data-id=\"44e6b7b\" data-element_type=\"widget\" data-widget_type=\"image.default\">\n\t\t\t\t\t\t\t\t\t\t\t\t\t\t\t<img fetchpriority=\"high\" decoding=\"async\" width=\"800\" height=\"294\" src=\"https:\/\/mtladvogados.com.br\/wp-content\/uploads\/2025\/10\/logo-advogados.png\" class=\"attachment-large size-large wp-image-183\" alt=\"\" srcset=\"https:\/\/mtladvogados.com.br\/wp-content\/uploads\/2025\/10\/logo-advogados.png 800w, https:\/\/mtladvogados.com.br\/wp-content\/uploads\/2025\/10\/logo-advogados-300x110.png 300w, https:\/\/mtladvogados.com.br\/wp-content\/uploads\/2025\/10\/logo-advogados-768x282.png 768w\" sizes=\"(max-width: 800px) 100vw, 800px\" \/>\t\t\t\t\t\t\t\t\t\t\t\t\t\t\t<\/div>\n\t\t\t\t<\/div>\n\t\t<div class=\"elementor-element elementor-element-16d603d e-con-full e-flex wpr-particle-no wpr-jarallax-no wpr-parallax-no wpr-sticky-section-no e-con e-child\" data-id=\"16d603d\" data-element_type=\"container\" data-settings=\"{&quot;_ha_eqh_enable&quot;:false}\">\n\t\t\t\t<\/div>\n\t\t\t\t\t<\/div>\n\t\t\t\t<\/div>\n\t\t<div class=\"elementor-element elementor-element-bce103b e-flex e-con-boxed wpr-particle-no wpr-jarallax-no wpr-parallax-no wpr-sticky-section-no e-con e-parent\" data-id=\"bce103b\" data-element_type=\"container\" data-settings=\"{&quot;_ha_eqh_enable&quot;:false}\">\n\t\t\t\t\t<div class=\"e-con-inner\">\n\t\t\t\t<div class=\"elementor-element elementor-element-c4ea0fd elementor-widget elementor-widget-heading\" data-id=\"c4ea0fd\" data-element_type=\"widget\" data-widget_type=\"heading.default\">\n\t\t\t\t\t<h2 class=\"elementor-heading-title elementor-size-default\">Site em manuten\u00e7\u00e3o<\/h2>\t\t\t\t<\/div>\n\t\t\t\t\t<\/div>\n\t\t\t\t<\/div>\n\t\t\t\t<\/div>\n\t\t","protected":false},"excerpt":{"rendered":"<p>Site em manuten\u00e7\u00e3o<\/p>\n","protected":false},"author":1,"featured_media":0,"parent":0,"menu_order":0,"comment_status":"closed","ping_status":"closed","template":"elementor_header_footer","meta":{"footnotes":""},"class_list":["post-180","page","type-page","status-publish","hentry"],"yoast_head":"<!-- This site is optimized with the Yoast SEO plugin v26.3 - https:\/\/yoast.com\/wordpress\/plugins\/seo\/ -->\n<title>Em Manuten\u00e7\u00e3o - Matos Leite &amp; Lacerda Sociedade de Advogados<\/title>\n<meta name=\"robots\" content=\"index, follow, max-snippet:-1, max-image-preview:large, max-video-preview:-1\" \/>\n<link rel=\"canonical\" href=\"https:\/\/mtladvogados.com.br\/index.php\/home-2\/\" \/>\n<meta property=\"og:locale\" content=\"pt_BR\" \/>\n<meta property=\"og:type\" content=\"article\" \/>\n<meta property=\"og:title\" content=\"Em Manuten\u00e7\u00e3o - Matos Leite &amp; Lacerda Sociedade de Advogados\" \/>\n<meta property=\"og:description\" content=\"Site em manuten\u00e7\u00e3o\" \/>\n<meta property=\"og:url\" content=\"https:\/\/mtladvogados.com.br\/index.php\/home-2\/\" \/>\n<meta property=\"og:site_name\" content=\"Matos Leite &amp; Lacerda Sociedade de Advogados\" \/>\n<meta property=\"article:modified_time\" content=\"2025-10-23T13:21:51+00:00\" \/>\n<meta property=\"og:image\" content=\"https:\/\/mtladvogados.com.br\/wp-content\/uploads\/2025\/10\/logo-advogados.png\" \/>\n\t<meta property=\"og:image:width\" content=\"800\" \/>\n\t<meta property=\"og:image:height\" content=\"294\" \/>\n\t<meta property=\"og:image:type\" content=\"image\/png\" \/>\n<meta name=\"twitter:card\" content=\"summary_large_image\" \/>\n<script type=\"application\/ld+json\" class=\"yoast-schema-graph\">{\"@context\":\"https:\/\/schema.org\",\"@graph\":[{\"@type\":\"WebPage\",\"@id\":\"https:\/\/mtladvogados.com.br\/index.php\/home-2\/\",\"url\":\"https:\/\/mtladvogados.com.br\/index.php\/home-2\/\",\"name\":\"Em Manuten\u00e7\u00e3o - Matos Leite &amp; Lacerda Sociedade de Advogados\",\"isPartOf\":{\"@id\":\"https:\/\/mtladvogados.com.br\/#website\"},\"primaryImageOfPage\":{\"@id\":\"https:\/\/mtladvogados.com.br\/index.php\/home-2\/#primaryimage\"},\"image\":{\"@id\":\"https:\/\/mtladvogados.com.br\/index.php\/home-2\/#primaryimage\"},\"thumbnailUrl\":\"https:\/\/mtladvogados.com.br\/wp-content\/uploads\/2025\/10\/logo-advogados.png\",\"datePublished\":\"2025-10-15T12:19:18+00:00\",\"dateModified\":\"2025-10-23T13:21:51+00:00\",\"breadcrumb\":{\"@id\":\"https:\/\/mtladvogados.com.br\/index.php\/home-2\/#breadcrumb\"},\"inLanguage\":\"pt-BR\",\"potentialAction\":[{\"@type\":\"ReadAction\",\"target\":[\"https:\/\/mtladvogados.com.br\/index.php\/home-2\/\"]}]},{\"@type\":\"ImageObject\",\"inLanguage\":\"pt-BR\",\"@id\":\"https:\/\/mtladvogados.com.br\/index.php\/home-2\/#primaryimage\",\"url\":\"https:\/\/mtladvogados.com.br\/wp-content\/uploads\/2025\/10\/logo-advogados.png\",\"contentUrl\":\"https:\/\/mtladvogados.com.br\/wp-content\/uploads\/2025\/10\/logo-advogados.png\",\"width\":800,\"height\":294},{\"@type\":\"BreadcrumbList\",\"@id\":\"https:\/\/mtladvogados.com.br\/index.php\/home-2\/#breadcrumb\",\"itemListElement\":[{\"@type\":\"ListItem\",\"position\":1,\"name\":\"In\u00edcio\",\"item\":\"https:\/\/mtladvogados.com.br\/\"},{\"@type\":\"ListItem\",\"position\":2,\"name\":\"Em Manuten\u00e7\u00e3o\"}]},{\"@type\":\"WebSite\",\"@id\":\"https:\/\/mtladvogados.com.br\/#website\",\"url\":\"https:\/\/mtladvogados.com.br\/\",\"name\":\"Matos Leite &amp; Lacerda Sociedade de Advogados\",\"description\":\"\",\"potentialAction\":[{\"@type\":\"SearchAction\",\"target\":{\"@type\":\"EntryPoint\",\"urlTemplate\":\"https:\/\/mtladvogados.com.br\/?s={search_term_string}\"},\"query-input\":{\"@type\":\"PropertyValueSpecification\",\"valueRequired\":true,\"valueName\":\"search_term_string\"}}],\"inLanguage\":\"pt-BR\"}]}<\/script>\n<!-- \/ Yoast SEO plugin. -->","yoast_head_json":{"title":"Em Manuten\u00e7\u00e3o - Matos Leite &amp; Lacerda Sociedade de Advogados","robots":{"index":"index","follow":"follow","max-snippet":"max-snippet:-1","max-image-preview":"max-image-preview:large","max-video-preview":"max-video-preview:-1"},"canonical":"https:\/\/mtladvogados.com.br\/index.php\/home-2\/","og_locale":"pt_BR","og_type":"article","og_title":"Em Manuten\u00e7\u00e3o - Matos Leite &amp; Lacerda Sociedade de Advogados","og_description":"Site em manuten\u00e7\u00e3o","og_url":"https:\/\/mtladvogados.com.br\/index.php\/home-2\/","og_site_name":"Matos Leite &amp; Lacerda Sociedade de Advogados","article_modified_time":"2025-10-23T13:21:51+00:00","og_image":[{"width":800,"height":294,"url":"https:\/\/mtladvogados.com.br\/wp-content\/uploads\/2025\/10\/logo-advogados.png","type":"image\/png"}],"twitter_card":"summary_large_image","schema":{"@context":"https:\/\/schema.org","@graph":[{"@type":"WebPage","@id":"https:\/\/mtladvogados.com.br\/index.php\/home-2\/","url":"https:\/\/mtladvogados.com.br\/index.php\/home-2\/","name":"Em Manuten\u00e7\u00e3o - Matos Leite &amp; Lacerda Sociedade de Advogados","isPartOf":{"@id":"https:\/\/mtladvogados.com.br\/#website"},"primaryImageOfPage":{"@id":"https:\/\/mtladvogados.com.br\/index.php\/home-2\/#primaryimage"},"image":{"@id":"https:\/\/mtladvogados.com.br\/index.php\/home-2\/#primaryimage"},"thumbnailUrl":"https:\/\/mtladvogados.com.br\/wp-content\/uploads\/2025\/10\/logo-advogados.png","datePublished":"2025-10-15T12:19:18+00:00","dateModified":"2025-10-23T13:21:51+00:00","breadcrumb":{"@id":"https:\/\/mtladvogados.com.br\/index.php\/home-2\/#breadcrumb"},"inLanguage":"pt-BR","potentialAction":[{"@type":"ReadAction","target":["https:\/\/mtladvogados.com.br\/index.php\/home-2\/"]}]},{"@type":"ImageObject","inLanguage":"pt-BR","@id":"https:\/\/mtladvogados.com.br\/index.php\/home-2\/#primaryimage","url":"https:\/\/mtladvogados.com.br\/wp-content\/uploads\/2025\/10\/logo-advogados.png","contentUrl":"https:\/\/mtladvogados.com.br\/wp-content\/uploads\/2025\/10\/logo-advogados.png","width":800,"height":294},{"@type":"BreadcrumbList","@id":"https:\/\/mtladvogados.com.br\/index.php\/home-2\/#breadcrumb","itemListElement":[{"@type":"ListItem","position":1,"name":"In\u00edcio","item":"https:\/\/mtladvogados.com.br\/"},{"@type":"ListItem","position":2,"name":"Em Manuten\u00e7\u00e3o"}]},{"@type":"WebSite","@id":"https:\/\/mtladvogados.com.br\/#website","url":"https:\/\/mtladvogados.com.br\/","name":"Matos Leite &amp; Lacerda Sociedade de Advogados","description":"","potentialAction":[{"@type":"SearchAction","target":{"@type":"EntryPoint","urlTemplate":"https:\/\/mtladvogados.com.br\/?s={search_term_string}"},"query-input":{"@type":"PropertyValueSpecification","valueRequired":true,"valueName":"search_term_string"}}],"inLanguage":"pt-BR"}]}},"_links":{"self":[{"href":"https:\/\/mtladvogados.com.br\/index.php\/wp-json\/wp\/v2\/pages\/180","targetHints":{"allow":["GET"]}}],"collection":[{"href":"https:\/\/mtladvogados.com.br\/index.php\/wp-json\/wp\/v2\/pages"}],"about":[{"href":"https:\/\/mtladvogados.com.br\/index.php\/wp-json\/wp\/v2\/types\/page"}],"author":[{"embeddable":true,"href":"https:\/\/mtladvogados.com.br\/index.php\/wp-json\/wp\/v2\/users\/1"}],"replies":[{"embeddable":true,"href":"https:\/\/mtladvogados.com.br\/index.php\/wp-json\/wp\/v2\/comments?post=180"}],"version-history":[{"count":5,"href":"https:\/\/mtladvogados.com.br\/index.php\/wp-json\/wp\/v2\/pages\/180\/revisions"}],"predecessor-version":[{"id":698,"href":"https:\/\/mtladvogados.com.br\/index.php\/wp-json\/wp\/v2\/pages\/180\/revisions\/698"}],"wp:attachment":[{"href":"https:\/\/mtladvogados.com.br\/index.php\/wp-json\/wp\/v2\/media?parent=180"}],"curies":[{"name":"wp","href":"https:\/\/api.w.org\/{rel}","templated":true}]}}